{"id":1337,"date":"2018-07-12T10:35:52","date_gmt":"2018-07-12T10:35:52","guid":{"rendered":"http:\/\/bandkprofessionalgroup.com\/vn\/?page_id=1337"},"modified":"2018-07-24T23:50:53","modified_gmt":"2018-07-24T16:50:53","slug":"cac-co-hoi-dau-tu-quoc-te","status":"publish","type":"page","link":"https:\/\/bandkprofessionalgroup.com\/vn\/cac-co-hoi-dau-tu-quoc-te\/","title":{"rendered":"C\u00e1c c\u01a1 h\u1ed9i \u0110\u1ea7u t\u01b0 Qu\u1ed1c t\u1ebf"},"content":{"rendered":"<p><div class=\"fusion-fullwidth fullwidth-box fusion-builder-row-1 fusion-parallax-none nonhundred-percent-fullwidth non-hundred-percent-height-scrolling\" style=\"--awb-background-position:left center;--awb-border-radius-top-left:0px;--awb-border-radius-top-right:0px;--awb-border-radius-bottom-right:0px;--awb-border-radius-bottom-left:0px;--awb-padding-top:100px;--awb-padding-bottom:0px;--awb-padding-left:0px;--awb-background-image:url(&quot;http:\/\/bandkprofessionalgroup.com\/vn\/wp-content\/uploads\/2018\/07\/AdobeStock_42425262.jpeg&quot;);--awb-background-size:cover;--awb-flex-wrap:wrap;\" ><div class=\"fusion-builder-row fusion-row\"><div class=\"fusion-layout-column fusion_builder_column fusion-builder-column-0 fusion_builder_column_1_2 1_2 fusion-one-half fusion-column-first\" style=\"--awb-bg-size:cover;--awb-margin-bottom:0px;width:50%;width:calc(50% - ( ( 4% ) * 0.5 ) );margin-right: 4%;\"><div class=\"fusion-column-wrapper fusion-flex-column-wrapper-legacy\"><div class=\"fusion-clearfix\"><\/div><\/div><\/div><div class=\"fusion-layout-column fusion_builder_column fusion-builder-column-1 fusion_builder_column_1_2 1_2 fusion-one-half fusion-column-last\" style=\"--awb-padding-top:40px;--awb-padding-right:40px;--awb-padding-bottom:40px;--awb-padding-left:40px;--awb-bg-color:#ffffff;--awb-bg-color-hover:#ffffff;--awb-bg-size:cover;--awb-margin-bottom:0px;width:50%;width:calc(50% - ( ( 4% ) * 0.5 ) );\"><div class=\"fusion-column-wrapper fusion-flex-column-wrapper-legacy\"><div class=\"fusion-text fusion-text-1\"><h2>C\u00e1c c\u01a1 h\u1ed9i \u0110\u1ea7u t\u01b0 Qu\u1ed1c t\u1ebf<\/h2>\n<\/div><div class=\"fusion-sep-clear\"><\/div><div class=\"fusion-separator fusion-clearfix\" style=\"float:left;margin-bottom:35px;width:100%;max-width:100px;\"><div class=\"fusion-separator-border sep-single sep-solid\" style=\"--awb-height:20px;--awb-amount:20px;--awb-sep-color:#213d65;border-color:#213d65;border-top-width:1px;\"><\/div><\/div><div class=\"fusion-sep-clear\"><\/div><div class=\"fusion-text fusion-text-2\"><p>L\u00e0 m\u1ed9t n\u1ec1n kinh t\u1ebf l\u1edbn nh\u1ea5t th\u1ebf gi\u1edbi v\u1edbi m\u1ed9t h\u1ec7 th\u1ed1ng lu\u1eadt ph\u00e1p di tr\u00fa th\u00e2n thi\u1ec7n v\u1edbi c\u00e1c nh\u00e0 \u0111\u1ea7u t\u01b0, Di tr\u00fa \u0111\u1ebfn Hoa K\u1ef3 \u0111\u00e3 v\u00e0 \u0111ang tr\u1edf n\u00ean h\u1ea5p d\u1eabn h\u01a1n bao gi\u1edd h\u1ebft.<\/p>\n<p>C\u00e1c d\u1ecbch v\u1ee5 c\u1ee7a B &amp; K professional hi\u1ec7n nay g\u1ed3m c\u00f3 B\u1ea5t \u0111\u1ed9ng s\u1ea3n, Kinh doanh, Kh\u1edfi nghi\u1ec7p (Start-Up), N\u00f4ng nghi\u1ec7p, c\u00e1c c\u01a1 h\u1ed9i Gi\u00e1o d\u1ee5c v\u00e0 C\u00f4ng ngh\u1ec7 cho c\u00e1c kho\u1ea3n \u0111\u1ea7u t\u01b0 mang l\u1ea1i l\u1ee3i \u00edch cho b\u1ea1n v\u1ec1 m\u1eb7t t\u00e0i ch\u00ednh trong khi m\u1edf ra c\u00e1ch c\u1eeda \u0111\u1ecbnh c\u01b0 h\u1ee3p ph\u00e1p. V\u1edbi m\u1ea1ng l\u01b0\u1edbi kinh doanh c\u1ee7a ch\u00fang t\u00f4i, ch\u00fang t\u00f4i ho\u00e0n to\u00e0n c\u00f3 th\u1ec3 k\u00eat n\u1ed1i b\u1ea1n v\u1edbi c\u01a1 h\u1ed9i \u0111\u1ea7u t\u01b0 ph\u00f9 h\u1ee3p, h\u01b0\u1edbng d\u1eabn b\u1ea1n to\u00e0n b\u1ed9 quy tr\u00ecnh di tr\u00fa.<\/p>\n<\/div><div class=\"fusion-button-wrapper\"><a class=\"fusion-button button-flat button-large button-default fusion-button-default button-1 fusion-button-default-span fusion-button-default-type\" target=\"_self\" href=\"http:\/\/bandkprofessionalgroup.com\/vn\/lien-he\/\"><span class=\"fusion-button-text\">Li\u00ean h\u1ec7<\/span><\/a><\/div><div class=\"fusion-clearfix\"><\/div><\/div><\/div><\/div><\/div><div class=\"fusion-fullwidth fullwidth-box fusion-builder-row-2 nonhundred-percent-fullwidth non-hundred-percent-height-scrolling\" style=\"--awb-border-radius-top-left:0px;--awb-border-radius-top-right:0px;--awb-border-radius-bottom-right:0px;--awb-border-radius-bottom-left:0px;--awb-padding-top:0px;--awb-padding-bottom:60px;--awb-background-color:#f2f2f2;--awb-flex-wrap:wrap;\" ><div class=\"fusion-builder-row fusion-row\"><div class=\"fusion-layout-column fusion_builder_column fusion-builder-column-2 fusion_builder_column_1_2 1_2 fusion-one-half fusion-column-first fusion-column-inner-bg-wrapper fusion-column-liftup-border\" style=\"--awb-padding-top:16%;--awb-padding-right:16%;--awb-padding-bottom:9%;--awb-padding-left:16%;--awb-inner-bg-color:#ffffff;--awb-inner-bg-color-hover:#ffffff;--awb-inner-bg-size:cover;--awb-margin-bottom:0px;width:50%;width:calc(50% - ( ( 0px ) * 0.5 ) );margin-right: 0px;\"><span class=\"fusion-column-inner-bg hover-type-liftup\"><a class=\"fusion-column-anchor\" href=\"http:\/\/bandkprofessionalgroup.com\/vn\/cac-co-hoi-san-co-hien-nay\/\"><span class=\"fusion-column-inner-bg-image\"><\/span><\/a><\/span><div class=\"fusion-column-wrapper fusion-flex-column-wrapper-legacy\"><div class=\"fusion-column-content-centered\"><div class=\"fusion-column-content\"><div class=\"fusion-content-boxes content-boxes columns row fusion-columns-1 fusion-columns-total-1 fusion-content-boxes-1 content-boxes-icon-on-top content-left\" style=\"--awb-margin-bottom:20px;--awb-hover-accent-color:#5bdccd;--awb-circle-hover-accent-color:transparent;--awb-item-margin-bottom:40px;\" data-animationOffset=\"top-into-view\"><div style=\"--awb-backgroundcolor:rgba(255,255,255,0);\" class=\"fusion-column content-box-column content-box-column content-box-column-1 col-lg-12 col-md-12 col-sm-12 fusion-content-box-hover content-box-column-last content-box-column-last-in-row\"><div class=\"col content-box-wrapper content-wrapper link-area-box link-type-button-bar icon-hover-animation-fade\" data-link=\"http:\/\/bandkprofessionalgroup.com\/vn\/cac-co-hoi-san-co-hien-nay\/\" data-link-target=\"_self\" data-animationOffset=\"top-into-view\"><div class=\"heading heading-with-icon icon-left\"><a class=\"heading-link\" href=\"http:\/\/bandkprofessionalgroup.com\/vn\/cac-co-hoi-san-co-hien-nay\/\" target=\"_self\"><div class=\"icon\"><i style=\"background-color:transparent;border-color:transparent;height:auto;width: 70px;line-height:normal;font-size:70px;\" aria-hidden=\"true\" class=\"fontawesome-icon fa-chart-line fas circle-no\"><\/i><\/div><h2 class=\"content-box-heading fusion-responsive-typography-calculated\" style=\"--h2_typography-font-size:26px;--fontSize:26;line-height:1.2;\">C\u00e1c c\u01a1 h\u1ed9i hi\u1ec7n h\u00e0nh<\/h2><\/a><\/div><div class=\"fusion-clearfix\"><\/div><div class=\"content-container\">\n<p>Th\u00f4ng qua m\u1ea1ng l\u01b0\u1edbi \u0111\u1ed1i t\u00e1c c\u1ee7a ch\u00fang t\u00f4i, ch\u00fang t\u00f4i \u0111\u00e3 v\u00e0 \u0111ang nh\u1eadn di\u1ec7n c\u00e1c c\u01a1 h\u1ed9i c\u00f4ng vi\u1ec7c v\u00e0 \u0111\u1ea7u t\u01b0 t\u1ed1i \u01b0u nh\u1ea5t. Vui l\u00f2ng cho ch\u00fang t\u00f4i bi\u1ebft k\u1ebf ho\u1ea1ch n\u00e0o l\u00e0 t\u1ed1i \u01b0u cho c\u00e1c nhu c\u1ea7u c\u00e1 nh\u00e2n c\u1ee7a qu\u00fd v\u1ecb.<\/p>\n<\/div><div class=\"fusion-clearfix\"><\/div><a class=\" fusion-read-more fusion-button-bar\" href=\"http:\/\/bandkprofessionalgroup.com\/vn\/cac-co-hoi-san-co-hien-nay\/\" target=\"_self\">Xem chi ti\u1ebft<\/a><div class=\"fusion-clearfix\"><\/div><\/div><\/div><div class=\"fusion-clearfix\"><\/div><\/div><\/div><\/div><div class=\"fusion-clearfix\"><\/div><\/div><\/div>\n<\/div><\/div><\/p>\n","protected":false},"excerpt":{"rendered":"","protected":false},"author":1,"featured_media":0,"parent":0,"menu_order":0,"comment_status":"closed","ping_status":"closed","template":"100-width.php","meta":{"footnotes":""},"class_list":["post-1337","page","type-page","status-publish","hentry"],"_links":{"self":[{"href":"https:\/\/bandkprofessionalgroup.com\/vn\/wp-json\/wp\/v2\/pages\/1337","targetHints":{"allow":["GET"]}}],"collection":[{"href":"https:\/\/bandkprofessionalgroup.com\/vn\/wp-json\/wp\/v2\/pages"}],"about":[{"href":"https:\/\/bandkprofessionalgroup.com\/vn\/wp-json\/wp\/v2\/types\/page"}],"author":[{"embeddable":true,"href":"https:\/\/bandkprofessionalgroup.com\/vn\/wp-json\/wp\/v2\/users\/1"}],"replies":[{"embeddable":true,"href":"https:\/\/bandkprofessionalgroup.com\/vn\/wp-json\/wp\/v2\/comments?post=1337"}],"version-history":[{"count":21,"href":"https:\/\/bandkprofessionalgroup.com\/vn\/wp-json\/wp\/v2\/pages\/1337\/revisions"}],"predecessor-version":[{"id":1495,"href":"https:\/\/bandkprofessionalgroup.com\/vn\/wp-json\/wp\/v2\/pages\/1337\/revisions\/1495"}],"wp:attachment":[{"href":"https:\/\/bandkprofessionalgroup.com\/vn\/wp-json\/wp\/v2\/media?parent=1337"}],"curies":[{"name":"wp","href":"https:\/\/api.w.org\/{rel}","templated":true}]}}