{"id":1301,"date":"2018-07-12T10:44:13","date_gmt":"2018-07-12T10:44:13","guid":{"rendered":"http:\/\/bandkprofessionalgroup.com\/vn\/?page_id=1301"},"modified":"2018-07-14T17:22:59","modified_gmt":"2018-07-14T17:22:59","slug":"cac-giai-phap-nhan-su-cho-cong-ty-tuyen-dung","status":"publish","type":"page","link":"https:\/\/bandkprofessionalgroup.com\/vn\/cac-giai-phap-nhan-su-cho-cong-ty-tuyen-dung\/","title":{"rendered":"C\u00e1c Gi\u1ea3i ph\u00e1p Nh\u00e2n s\u1ef1 cho C\u00f4ng ty tuy\u1ec3n d\u1ee5ng"},"content":{"rendered":"<p><div class=\"fusion-fullwidth fullwidth-box fusion-builder-row-1 hundred-percent-fullwidth non-hundred-percent-height-scrolling fusion-equal-height-columns\" style=\"--awb-border-radius-top-left:0px;--awb-border-radius-top-right:0px;--awb-border-radius-bottom-right:0px;--awb-border-radius-bottom-left:0px;--awb-padding-right:0px;--awb-padding-left:0px;--awb-background-color:#eeeeee;--awb-flex-wrap:wrap;\" ><div class=\"fusion-builder-row fusion-row\"><div class=\"fusion-layout-column fusion_builder_column fusion-builder-column-0 fusion_builder_column_1_2 1_2 fusion-one-half fusion-column-first\" style=\"--awb-padding-top:100px;--awb-padding-right:6%;--awb-padding-bottom:100px;--awb-padding-left:10%;--awb-bg-size:cover;--awb-margin-bottom:0px;width:50%;width:calc(50% - ( ( 4% ) * 0.5 ) );margin-right: 4%;\"><div class=\"fusion-column-wrapper fusion-flex-column-wrapper-legacy\"><div class=\"fusion-text fusion-text-1\"><h2>C\u00e1c c\u00f4ng ty tuy\u1ec3n d\u1ee5ng tr\u00ean to\u00e0n l\u00e3nh th\u1ed5 Hoa K\u1ef3<\/h2>\n<\/div><div class=\"fusion-sep-clear\"><\/div><div class=\"fusion-separator fusion-clearfix\" style=\"float:left;margin-bottom:35px;width:100%;max-width:100px;\"><div class=\"fusion-separator-border sep-single sep-solid\" style=\"--awb-height:20px;--awb-amount:20px;--awb-sep-color:#213d65;border-color:#213d65;border-top-width:1px;\"><\/div><\/div><div class=\"fusion-sep-clear\"><\/div><div class=\"fusion-text fusion-text-2\"><p>B &amp; K Professional Group l\u00e0m vi\u1ec7c v\u1edbi c\u00e1c c\u00f4ng ty tuy\u1ec3n d\u1ee5ng tr\u00ean to\u00e0n l\u00e3nh th\u1ed5 Hoa K\u1ef3 v\u00e0 trong t\u1ea5t c\u1ea3 c\u00e1c l\u0129nh v\u1ef1c \u0111\u1ec3 cung c\u1ea5p l\u1ef1c l\u01b0\u1ee3ng lao \u0111\u1ed9ng \u0111\u1ee7 ti\u00eau chu\u1ea9n nh\u1eb1m \u0111\u00e1p \u1ee9ng nhu c\u1ea7u c\u1ee7a c\u00f4ng ty tuy\u1ec3n d\u1ee5ng. V\u1edbi ki\u1ebfn th\u1ee9c s\u00e2u r\u1ed9ng v\u1ec1 quy tr\u00ecnh di tr\u00fa c\u0169ng nh\u01b0 m\u1ea1ng l\u01b0\u1edbi to\u00e0n c\u1ea7u, ch\u00fang t\u00f4i c\u00f3 th\u1ec3 ph\u00e1t tri\u1ec3n m\u1ed9t gi\u1ea3i ph\u00e1p nh\u1eb1m \u0111\u00e1p \u1ee9ng nhu c\u1ea7u tuy\u1ec3n d\u1ee5ng nh\u00e2n s\u1ef1 cho c\u00e1c lao \u0111\u1ed9ng t\u1ea1m th\u1eddi, n\u00f4ng nghi\u1ec7p, th\u1eddi v\u1ee5, c\u00f3 v\u00e0 kh\u00f4ng c\u00f3 k\u1ef9 n\u0103ng.\u00a0<\/p>\n<\/div><div class=\"fusion-clearfix\"><\/div><\/div><\/div><div class=\"fusion-layout-column fusion_builder_column fusion-builder-column-1 fusion_builder_column_1_2 1_2 fusion-one-half fusion-column-last\" style=\"--awb-padding-right:0px;--awb-bg-color:#f4f4f4;--awb-bg-color-hover:#f4f4f4;--awb-bg-image:url(&#039;http:\/\/bandkprofessionalgroup.com\/vn\/wp-content\/uploads\/2018\/07\/employer-workforce-04.jpg&#039;);--awb-bg-position:left center;--awb-bg-size:cover;--awb-margin-bottom:0px;width:50%;width:calc(50% - ( ( 4% ) * 0.5 ) );\"><div class=\"fusion-column-wrapper fusion-flex-column-wrapper-legacy fusion-empty-column-bg-image fusion-column-has-bg-image\" data-bg-url=\"http:\/\/bandkprofessionalgroup.com\/vn\/wp-content\/uploads\/2018\/07\/employer-workforce-04.jpg\"><img decoding=\"async\" class=\"fusion-empty-dims-img-placeholder fusion-no-large-visibility\" src=\"data:image\/gif;base64,R0lGODlhAQABAAAAACH5BAEKAAEALAAAAAABAAEAAAICTAEAOw==\"><div class=\"fusion-clearfix\"><\/div><\/div><\/div><\/div><\/div><div class=\"fusion-fullwidth fullwidth-box fusion-builder-row-2 nonhundred-percent-fullwidth non-hundred-percent-height-scrolling\" style=\"--awb-border-radius-top-left:0px;--awb-border-radius-top-right:0px;--awb-border-radius-bottom-right:0px;--awb-border-radius-bottom-left:0px;--awb-padding-top:80px;--awb-padding-bottom:60px;--awb-flex-wrap:wrap;\" ><div class=\"fusion-builder-row fusion-row\"><div class=\"fusion-layout-column fusion_builder_column fusion-builder-column-2 fusion_builder_column_1_1 1_1 fusion-one-full fusion-column-first fusion-column-last\" style=\"--awb-bg-size:cover;\"><div class=\"fusion-column-wrapper fusion-flex-column-wrapper-legacy\"><div class=\"fusion-text fusion-text-3\"><h2 style=\"text-align: center;\">Kh\u00e1ch h\u00e0ng n\u00f3i v\u1ec1 ch\u00fang t\u00f4i<\/h2>\n<\/div><div class=\"fusion-sep-clear\"><\/div><div class=\"fusion-separator fusion-full-width-sep\" style=\"margin-left: auto;margin-right: auto;margin-bottom:35px;width:100%;\"><\/div><div class=\"fusion-sep-clear\"><\/div><div class=\"fusion-testimonials clean awb-speech-bubble-show fusion-testimonials-1\" style=\"--awb-textcolor:#9aa2ac;--awb-backgroundcolor:#ffffff;--awb-testimonial-border-style:solid;--awb-testimonial-border-color:var(--awb-color3);--awb-border-top-left-radius:0px;--awb-border-top-right-radius:0px;--awb-border-bottom-left-radius:0px;--awb-border-bottom-right-radius:0px;--testimonial-border-width-top:0px;--testimonial-border-width-right:0px;--testimonial-border-width-bottom:0px;--testimonial-border-width-left:0px;\" data-random=\"0\" data-speed=\"4000\"><div class=\"reviews\"><div class=\"review active-testimonial avatar-above avatar-image\"><div class=\"testimonial-thumbnail\"><img decoding=\"async\" class=\"testimonial-image\" src=\"http:\/\/bandkprofessionalgroup.com\/vn\/wp-content\/uploads\/2018\/07\/testimonials-2.jpg\" style=\"--awb-border-radius:100%;\" \/><\/div><blockquote class=\"testimonials-shortcode-blockquote\"><div class=\"awb-quote\"><div class=\"awb-quote-content\">\n<p>Tuy\u1ec3n d\u1ee5ng nh\u00e2n vi\u00ean m\u1edbi l\u00e0 c\u1ea7n thi\u1ebft v\u1edbi t\u1ed1c \u0111\u1ed9 r\u1ea5t nhanh. L\u00e0m vi\u1ec7c v\u1edbi B &#038; K \u0111\u00e3 gi\u00fap qu\u00e1 tr\u00ecnh n\u00e0y tr\u1edf n\u00ean d\u1ec5 d\u00e0ng h\u01a1n \u0111\u1ed1i v\u1edbi t\u00f4i v\u00e0 c\u00f4ng ty c\u1ee7a t\u00f4i. B &#038; K r\u1ea5t th\u00edch h\u1ee3p trong vi\u1ec7c t\u00ecm ki\u1ebfm \u0111\u00fang ng\u01b0\u1eddi s\u1ebd l\u00e0m vi\u1ec7c trong m\u00f4i tr\u01b0\u1eddng l\u00e0m vi\u1ec7c c\u1ee7a ch\u00fang t\u00f4i .. T\u00f4i r\u1ea5t mu\u1ed1n gi\u1edbi thi\u1ec7u B &#038; K cho c\u00e1c nh\u00e0 m\u00e1y v\u00e0 doanh nghi\u1ec7p kh\u00e1c \u0111\u1ec3 tuy\u1ec3n d\u1ee5ng cho doanh nghi\u1ec7p c\u1ee7a b\u1ea1n. \u201d<\/p>\n<\/div><\/div><\/blockquote><div class=\"author\"><span class=\"company-name\"><strong>Rena West<\/strong>, <span>Office Manager - Fibercel Packaging, LLC<\/span><\/span><\/div><\/div><div class=\"review avatar-above avatar-image\"><div class=\"testimonial-thumbnail\"><img decoding=\"async\" class=\"testimonial-image\" src=\"http:\/\/bandkprofessionalgroup.com\/vn\/wp-content\/uploads\/2018\/07\/testimonials-1.jpg\" style=\"--awb-border-radius:100%;\" \/><\/div><blockquote class=\"testimonials-shortcode-blockquote\"><div class=\"awb-quote\"><div class=\"awb-quote-content\">\n<p><em>\u201cT\u00f4i \u0111\u00e3 l\u00e0m vi\u1ec7c v\u1edbi B &#038; K, v\u00e0 t\u00f4i \u0111\u00e3 v\u00f4 c\u00f9ng h\u00e0i l\u00f2ng v\u1edbi m\u1ee9c \u0111\u1ed9 chuy\u00ean nghi\u1ec7p c\u1ee7a \u0111\u1ed9i ng\u0169 nh\u00e2n vi\u00ean \u1edf \u0111\u00e2y v\u00e0 h\u1ecd \u0111\u00e1p \u1ee9ng nhanh ch\u00f3ng c\u00e1c y\u00eau c\u1ea7u b\u1ed5 sung nh\u00e2n l\u1ef1c c\u1ee7a ch\u00fang t\u00f4i.<\/em><\/p>\n<p><em>T\u00f4i s\u1ebd gi\u1edbi thi\u1ec7u d\u1ecbch v\u1ee5 \u1edf \u0111\u00e2y cho c\u00e1c c\u00f4ng ty v\u00e0 doanh nghi\u1ec7p kh\u00e1c. \u201d<\/em><\/p>\n<\/div><\/div><\/blockquote><div class=\"author\"><span class=\"company-name\"><strong>Amy Allison<\/strong>, <span>TTI Floor Care<\/span><\/span><\/div><\/div><\/div><div class=\"testimonial-pagination\" id=\"fusion-testimonials-1\"><a href=\"#\" aria-label=\"Testimonial Pagination\"  class=\"activeSlide\"><\/a><a href=\"#\" aria-label=\"Testimonial Pagination\" ><\/a><\/div><\/div><div class=\"fusion-clearfix\"><\/div><\/div><\/div><\/div><\/div><div class=\"fusion-fullwidth fullwidth-box fusion-builder-row-3 hundred-percent-fullwidth non-hundred-percent-height-scrolling fusion-equal-height-columns\" style=\"--awb-border-radius-top-left:0px;--awb-border-radius-top-right:0px;--awb-border-radius-bottom-right:0px;--awb-border-radius-bottom-left:0px;--awb-padding-right:0px;--awb-padding-left:0px;--awb-background-color:#eeeeee;--awb-flex-wrap:wrap;\" ><div class=\"fusion-builder-row fusion-row\"><div class=\"fusion-layout-column fusion_builder_column fusion-builder-column-3 fusion_builder_column_1_2 1_2 fusion-one-half fusion-column-first\" style=\"--awb-padding-right:0px;--awb-bg-color:#f4f4f4;--awb-bg-color-hover:#f4f4f4;--awb-bg-image:url(&#039;http:\/\/bandkprofessionalgroup.com\/vn\/wp-content\/uploads\/2018\/07\/employer-workforce-03.jpg&#039;);--awb-bg-position:left center;--awb-bg-size:cover;--awb-margin-bottom:0px;width:50%;width:calc(50% - ( ( 4% ) * 0.5 ) );margin-right: 4%;\"><div class=\"fusion-column-wrapper fusion-flex-column-wrapper-legacy fusion-empty-column-bg-image fusion-column-has-bg-image\" data-bg-url=\"http:\/\/bandkprofessionalgroup.com\/vn\/wp-content\/uploads\/2018\/07\/employer-workforce-03.jpg\"><img decoding=\"async\" class=\"fusion-empty-dims-img-placeholder fusion-no-large-visibility\" src=\"data:image\/gif;base64,R0lGODlhAQABAAAAACH5BAEKAAEALAAAAAABAAEAAAICTAEAOw==\"><div class=\"fusion-clearfix\"><\/div><\/div><\/div><div class=\"fusion-layout-column fusion_builder_column fusion-builder-column-4 fusion_builder_column_1_2 1_2 fusion-one-half fusion-column-last\" style=\"--awb-padding-top:100px;--awb-padding-right:6%;--awb-padding-bottom:100px;--awb-padding-left:10%;--awb-bg-size:cover;--awb-margin-bottom:0px;width:50%;width:calc(50% - ( ( 4% ) * 0.5 ) );\"><div class=\"fusion-column-wrapper fusion-flex-column-wrapper-legacy\"><div class=\"fusion-text fusion-text-4\"><h2>Visa \u0111\u1ecbnh c\u01b0 v\u00e0 Visa kh\u00f4ng \u0111\u1ecbnh c\u01b0<\/h2>\n<\/div><div class=\"fusion-sep-clear\"><\/div><div class=\"fusion-separator fusion-clearfix\" style=\"float:left;margin-bottom:35px;width:100%;max-width:100px;\"><div class=\"fusion-separator-border sep-single sep-solid\" style=\"--awb-height:20px;--awb-amount:20px;--awb-sep-color:#213d65;border-color:#213d65;border-top-width:1px;\"><\/div><\/div><div class=\"fusion-sep-clear\"><\/div><div class=\"fusion-text fusion-text-5\"><p>Ph\u1ee5 thu\u1ed9c v\u00e0o c\u00e1c nhu c\u1ea7u c\u1ee7a t\u1ed5 ch\u1ee9c qu\u00fd v\u1ecb, B &amp; K Professional Group c\u00f3 th\u1ec3 cung c\u1ea5p c\u00e1c lao \u0111\u1ed9ng t\u1ea1m th\u1eddi (vi sa kh\u00f4ng \u0111\u1ecbnh c\u01b0) trong kho\u1ea3ng th\u1eddi gian 3 th\u00e1ng, v\u00e0 trong kho\u1ea3ng t\u1eeb 12 \u0111\u1ebfn 18 th\u00e1ng cho c\u00e1c lao \u0111\u1ed9ng l\u00e2u d\u00e0i (visa \u0111\u1ecbnh c\u01b0).<\/p>\n<\/div><div class=\"fusion-clearfix\"><\/div><\/div><\/div><\/div><\/div><div class=\"fusion-bg-parallax\" data-bg-align=\"center center\" data-direction=\"up\" data-mute=\"false\" data-opacity=\"100\" data-velocity=\"-0.3\" data-mobile-enabled=\"false\" data-break_parents=\"0\" data-bg-image=\"http:\/\/bandkprofessionalgroup.com\/vn\/wp-content\/uploads\/2016\/07\/ready_to_talk_cta_bg.jpg\" data-bg-repeat=\"false\" ><\/div><div class=\"fusion-fullwidth fullwidth-box fusion-builder-row-4 fusion-parallax-up nonhundred-percent-fullwidth non-hundred-percent-height-scrolling\" style=\"--awb-border-radius-top-left:0px;--awb-border-radius-top-right:0px;--awb-border-radius-bottom-right:0px;--awb-border-radius-bottom-left:0px;--awb-padding-top:110px;--awb-padding-bottom:110px;--awb-background-image:url(&quot;http:\/\/bandkprofessionalgroup.com\/vn\/wp-content\/uploads\/2016\/07\/ready_to_talk_cta_bg.jpg&quot;);--awb-background-size:cover;--awb-flex-wrap:wrap;\" ><div class=\"fusion-builder-row fusion-row\"><div class=\"fusion-layout-column fusion_builder_column fusion-builder-column-5 fusion_builder_column_1_6 1_6 fusion-one-sixth fusion-column-first fusion-no-small-visibility\" style=\"--awb-bg-size:cover;width:13.3333%; margin-right: 4%;\"><div class=\"fusion-column-wrapper fusion-flex-column-wrapper-legacy\"><div class=\"fusion-clearfix\"><\/div><\/div><\/div><div class=\"fusion-layout-column fusion_builder_column fusion-builder-column-6 fusion_builder_column_2_3 2_3 fusion-two-third\" style=\"--awb-bg-size:cover;--awb-margin-top:3%;--awb-margin-bottom:3%;width:65.3333%; margin-right: 4%;\"><div class=\"fusion-column-wrapper fusion-flex-column-wrapper-legacy\"><div class=\"fusion-text fusion-text-6\"><h2 style=\"text-align: center; font-size: 72px; color: #ffffff;\">Li\u00ean h\u1ec7 v\u1edbi ch\u00fang t\u00f4i<\/h2>\n<\/div><div class=\"fusion-text fusion-text-7\"><p style=\"text-align: center; color: #9aa2ac; font-size: 22px; line-height: 32px;\">Li\u00ean h\u1ec7 v\u1edbi ch\u00fang t\u00f4i h\u00f4m nay \u0111\u1ec3 nh\u1eadn \u0111\u01b0\u1ee3c cu\u1ed9c t\u01b0 v\u1ea5n mi\u1ec5n ph\u00ed.<br \/>\nEnglish phone: +1.703.789.3222 | Vietnamese line: +1.571.215.6984<br \/>\n(Zalo, Viber, Facetime audio, Skype)<\/p>\n<\/div><div class=\"fusion-sep-clear\"><\/div><div class=\"fusion-separator fusion-full-width-sep\" style=\"margin-left: auto;margin-right: auto;margin-top:20px;width:100%;\"><\/div><div class=\"fusion-sep-clear\"><\/div><div class=\"fusion-aligncenter\"><a class=\"fusion-button button-flat fusion-button-default-size button-default fusion-button-default button-1 fusion-button-default-span fusion-button-default-type\" target=\"_self\" href=\"http:\/\/bandkprofessionalgroup.com\/vn\/lien-he\/\"><span class=\"fusion-button-text\">\u0110\u1ebfn trang li\u00ean h\u1ec7<\/span><\/a><\/div><div class=\"fusion-clearfix\"><\/div><\/div><\/div><div class=\"fusion-layout-column fusion_builder_column fusion-builder-column-7 fusion_builder_column_1_6 1_6 fusion-one-sixth fusion-column-last fusion-no-small-visibility\" style=\"--awb-bg-size:cover;width:13.3333%;\"><div class=\"fusion-column-wrapper fusion-flex-column-wrapper-legacy\"><div class=\"fusion-clearfix\"><\/div><\/div><\/div><\/div><\/div>\n<\/p>\n","protected":false},"excerpt":{"rendered":"","protected":false},"author":1,"featured_media":0,"parent":0,"menu_order":0,"comment_status":"closed","ping_status":"closed","template":"100-width.php","meta":{"footnotes":""},"class_list":["post-1301","page","type-page","status-publish","hentry"],"_links":{"self":[{"href":"https:\/\/bandkprofessionalgroup.com\/vn\/wp-json\/wp\/v2\/pages\/1301","targetHints":{"allow":["GET"]}}],"collection":[{"href":"https:\/\/bandkprofessionalgroup.com\/vn\/wp-json\/wp\/v2\/pages"}],"about":[{"href":"https:\/\/bandkprofessionalgroup.com\/vn\/wp-json\/wp\/v2\/types\/page"}],"author":[{"embeddable":true,"href":"https:\/\/bandkprofessionalgroup.com\/vn\/wp-json\/wp\/v2\/users\/1"}],"replies":[{"embeddable":true,"href":"https:\/\/bandkprofessionalgroup.com\/vn\/wp-json\/wp\/v2\/comments?post=1301"}],"version-history":[{"count":26,"href":"https:\/\/bandkprofessionalgroup.com\/vn\/wp-json\/wp\/v2\/pages\/1301\/revisions"}],"predecessor-version":[{"id":1490,"href":"https:\/\/bandkprofessionalgroup.com\/vn\/wp-json\/wp\/v2\/pages\/1301\/revisions\/1490"}],"wp:attachment":[{"href":"https:\/\/bandkprofessionalgroup.com\/vn\/wp-json\/wp\/v2\/media?parent=1301"}],"curies":[{"name":"wp","href":"https:\/\/api.w.org\/{rel}","templated":true}]}}