{"id":1235,"date":"2018-07-07T16:34:35","date_gmt":"2018-07-07T09:34:35","guid":{"rendered":"http:\/\/bandkprofessionalgroup.com\/vn\/?page_id=1235"},"modified":"2018-07-24T23:13:24","modified_gmt":"2018-07-24T16:13:24","slug":"cac-giai-phap-di-tru","status":"publish","type":"page","link":"https:\/\/bandkprofessionalgroup.com\/vn\/cac-giai-phap-di-tru\/","title":{"rendered":"C\u00e1c Gi\u1ea3i ph\u00e1p Di tr\u00fa"},"content":{"rendered":"<p><div class=\"fusion-fullwidth fullwidth-box fusion-builder-row-1 nonhundred-percent-fullwidth non-hundred-percent-height-scrolling fusion-equal-height-columns\" style=\"--awb-border-radius-top-left:0px;--awb-border-radius-top-right:0px;--awb-border-radius-bottom-right:0px;--awb-border-radius-bottom-left:0px;--awb-padding-bottom:80px;--awb-flex-wrap:wrap;\" ><div class=\"fusion-builder-row fusion-row\"><div class=\"fusion-layout-column fusion_builder_column fusion-builder-column-0 fusion_builder_column_1_2 1_2 fusion-one-half fusion-column-first\" style=\"--awb-bg-size:cover;width:50%;width:calc(50% - ( ( 4% ) * 0.5 ) );margin-right: 4%;\"><div class=\"fusion-column-wrapper fusion-flex-column-wrapper-legacy\"><div class=\"fusion-image-element fusion-image-align-center in-legacy-container\" style=\"text-align:center;--awb-max-width:50px;--awb-caption-title-font-family:var(--h2_typography-font-family);--awb-caption-title-font-weight:var(--h2_typography-font-weight);--awb-caption-title-font-style:var(--h2_typography-font-style);--awb-caption-title-size:var(--h2_typography-font-size);--awb-caption-title-transform:var(--h2_typography-text-transform);--awb-caption-title-line-height:var(--h2_typography-line-height);--awb-caption-title-letter-spacing:var(--h2_typography-letter-spacing);\"><div class=\"imageframe-align-center\"><span class=\" fusion-imageframe imageframe-none imageframe-1 hover-type-none\"><img decoding=\"async\" width=\"52\" height=\"80\" title=\"BK_Professional_Services_Group_short-small-80\" src=\"http:\/\/bandkprofessionalgroup.com\/vn\/wp-content\/uploads\/2018\/06\/BK_Professional_Services_Group_short-small-80.png\" alt class=\"img-responsive wp-image-1075\"\/><\/span><\/div><\/div><div class=\"fusion-sep-clear\"><\/div><div class=\"fusion-separator fusion-full-width-sep\" style=\"margin-left: auto;margin-right: auto;margin-bottom:20px;width:100%;\"><\/div><div class=\"fusion-sep-clear\"><\/div><div class=\"fusion-text fusion-text-1\"><h2 style=\"text-align: center;\">C\u00e1c gi\u1ea3i ph\u00e1p \u0110\u1ecbnh c\u01b0<\/h2>\n<\/div><div class=\"fusion-sep-clear\"><\/div><div class=\"fusion-separator\" style=\"margin-left: auto;margin-right: auto;margin-bottom:35px;width:100%;max-width:100px;\"><div class=\"fusion-separator-border sep-single sep-solid\" style=\"--awb-height:20px;--awb-amount:20px;--awb-sep-color:#213d65;border-color:#213d65;border-top-width:2px;\"><\/div><\/div><div class=\"fusion-sep-clear\"><\/div><div class=\"fusion-text fusion-text-2\"><p>Di chuy\u1ec3n \u0111\u1ebfn Hoa K\u1ef3 l\u00e0 con \u0111\u01b0\u1eddng kh\u00f3 kh\u0103n. Lu\u1eadt ph\u00e1p di tr\u00fa kh\u00f4ng \u0111\u01a1n gi\u1ea3n v\u00e0 \u0111\u1ea7u t\u01b0, gi\u00e1o d\u1ee5c v\u00e0 vi\u1ec7c l\u00e0m t\u1ea1i Hoa K\u1ef3 c\u00f9ng l\u00e0 con \u0111\u01b0\u1eddng kh\u00f3 kh\u0103n n\u1ebfu kh\u00f4ng c\u00f3 di tr\u00fa h\u1ee3p ph\u00e1p t\u1ea1i Hoa K\u1ef3. Tuy nhi\u00ean, n\u1ebfu \u0111\u01b0\u1ee3c th\u1ef1c hi\u1ec7n m\u1ed9t c\u00e1ch \u0111\u00fang \u0111\u1eafn, nh\u1eadp c\u01b0 v\u00e0o Hoa K\u1ef3 c\u00f3 th\u1ec3 l\u00e0 m\u1ed9t m\u1ee5c ti\u00eau d\u00e0i h\u1ea1n \u0111\u00e1ng th\u1ef1c hi\u1ec7n cho nhi\u1ec1u ng\u01b0\u1eddi. \u0110\u00f3 l\u00e0 c\u00e1ch th\u1ee9c m\u00e0 kh\u1ea3 n\u0103ng chuy\u00ean m\u00f4n c\u1ee7a B &amp; K Professional Group \u0111\u00e3 v\u00e0 \u0111ang cung c\u1ea5p cho nhi\u1ec1u kh\u00e1ch h\u00e0ng c\u1ee7a ch\u00fang t\u00f4i. V\u1edbi kinh nghi\u1ec7m c\u1ee7a m\u00ecnh, ch\u00fang t\u00f4i ho\u00e0n to\u00e0n c\u00f3 th\u1ec3 tr\u1ee3 gi\u00fap b\u1ea1n nh\u1eadn di\u1ec7n n\u01a1i m\u00e0 b\u1ea1n c\u00f3 th\u1ec3 t\u00ecm ki\u1ebfm c\u00e1c c\u01a1 h\u1ed9i c\u00f4ng vi\u1ec7c, c\u00e1c c\u01a1 h\u1ed9i \u0111\u1ea7u t\u01b0, c\u00e1c tr\u01b0\u1eddng h\u1ecdc t\u1ed1t nh\u1ea5t, h\u01b0\u1edbng d\u1eabn b\u1ea1n xuy\u00ean su\u1ed1t qu\u00e1 tr\u00ecnh \u0111\u1ecbnh c\u01b0 h\u1ee3p ph\u00e1p, c\u0169ng nh\u01b0 h\u01b0\u1edbng d\u1eabn b\u1ea1n \u0111\u1ebfn n\u01a1i \u0111\u01b0\u1ee3c coi l\u00e0 l\u1ef1a ch\u1ecdn t\u1ed1i \u01b0u cho b\u1ea1n sinh s\u1ed1ng v\u00e0 l\u00e0m vi\u1ec7c.<\/p>\n<\/div><div class=\"fusion-clearfix\"><\/div><\/div><\/div><div class=\"fusion-layout-column fusion_builder_column fusion-builder-column-1 fusion_builder_column_1_2 1_2 fusion-one-half fusion-column-last\" style=\"--awb-bg-image:url(&#039;http:\/\/bandkprofessionalgroup.com\/vn\/wp-content\/uploads\/2018\/07\/Immigration-Solutions-01.jpg&#039;);--awb-bg-position:left bottom;--awb-bg-size:cover;width:50%;width:calc(50% - ( ( 4% ) * 0.5 ) );\"><div class=\"fusion-column-wrapper fusion-flex-column-wrapper-legacy fusion-empty-column-bg-image fusion-column-has-bg-image\" data-bg-url=\"http:\/\/bandkprofessionalgroup.com\/vn\/wp-content\/uploads\/2018\/07\/Immigration-Solutions-01.jpg\"><img decoding=\"async\" class=\"fusion-empty-dims-img-placeholder fusion-no-large-visibility\" src=\"data:image\/gif;base64,R0lGODlhAQABAAAAACH5BAEKAAEALAAAAAABAAEAAAICTAEAOw==\"><div class=\"fusion-clearfix\"><\/div><\/div><\/div><\/div><\/div><div class=\"fusion-fullwidth fullwidth-box fusion-builder-row-2 nonhundred-percent-fullwidth non-hundred-percent-height-scrolling\" style=\"--awb-border-radius-top-left:0px;--awb-border-radius-top-right:0px;--awb-border-radius-bottom-right:0px;--awb-border-radius-bottom-left:0px;--awb-padding-top:100px;--awb-padding-bottom:80px;--awb-background-color:#f5f5f5;--awb-flex-wrap:wrap;\" id=\"how-we-work\" ><div class=\"fusion-builder-row fusion-row\"><div class=\"fusion-layout-column fusion_builder_column fusion-builder-column-2 fusion_builder_column_1_1 1_1 fusion-one-full fusion-column-first fusion-column-last\" style=\"--awb-bg-size:cover;\"><div class=\"fusion-column-wrapper fusion-flex-column-wrapper-legacy\"><div class=\"fusion-fa-align-center\"><i class=\"fb-icon-element-1 fb-icon-element fontawesome-icon fa-globe fa circle-no\" style=\"--awb-font-size:100px;--awb-margin-bottom:30px;\"><\/i><\/div><div class=\"fusion-text fusion-text-3\"><h2 style=\"text-align: center;\">C\u00e1ch th\u1ee9c l\u00e0m vi\u1ec7c c\u1ee7a ch\u00fang t\u00f4i<\/h2>\n<\/div><div class=\"fusion-sep-clear\"><\/div><div class=\"fusion-separator\" style=\"margin-left: auto;margin-right: auto;margin-top:0px;margin-bottom:35px;width:100%;max-width:100px;\"><div class=\"fusion-separator-border sep-single sep-solid\" style=\"--awb-height:20px;--awb-amount:20px;--awb-sep-color:#213d65;border-color:#213d65;border-top-width:2px;\"><\/div><\/div><div class=\"fusion-sep-clear\"><\/div><div class=\"fusion-text fusion-text-4\"><p style=\"text-align: center;\">H\u00e0ng tri\u1ec7u ng\u01b0\u1eddi tr\u00ean th\u1ebf gi\u1edbi lu\u00f4n quan t\u00e2m \u0111\u1ebfn vi\u1ec7c di chuy\u1ec3n \u0111\u1ebfn Hoa K\u1ef3, tuy nhi\u00ean ch\u1ec9 c\u00f3 con s\u1ed1 r\u1ea5t \u00edt c\u00f3 th\u1ec3 l\u00e0m \u0111\u01b0\u1ee3c \u0111i\u1ec1u n\u00e0y m\u1ed9t c\u00e1ch h\u1ee3p ph\u00e1p. B &amp; K Professional Services \u0111\u00e3 tr\u1ee3 gi\u00fap r\u1ea5t nhi\u1ec1u c\u00e1c c\u00e1 nh\u00e2n v\u00e0 gia \u0111\u00ecnh di chuy\u1ec3n \u0111\u1ebfn Hoa K\u1ef3 m\u1ed9t c\u00e1ch ho\u00e0n to\u00e0n h\u1ee3p ph\u00e1p b\u1eb1ng c\u00e1ch s\u1eed d\u1ee5ng qui tr\u00ecnh \u0111\u00e3 \u0111\u01b0\u1ee3c ki\u1ec3m ch\u1ee9ng c\u1ee7a ch\u00fang t\u00f4i. B\u1eaft \u0111\u1ea7u b\u1eb1ng vi\u1ec7c ph\u1ecfng v\u1ea5n, ch\u00fang t\u00f4i s\u1ebd n\u1eafm b\u1eaft \u0111\u01b0\u1ee3c to\u00e0n b\u1ed9 c\u00e1c m\u1ee5c ti\u00eau v\u00e0 ph\u00e1t tri\u1ec3n m\u1ed9t k\u1ebf ho\u1ea1ch \u0111\u1ec3 x\u1eed l\u00fd vi\u1ec7c nh\u1eadp c\u01b0 \u0111\u1ea7y ph\u1ee9c t\u1ea1p, v\u00e0 quy tr\u00ecnh h\u00e0nh ch\u00ednh d\u1eabn \u0111\u1ebfn vi\u1ec7c \u0111\u1ea1t \u0111\u01b0\u1ee3c m\u1ee5c ti\u00eau c\u1ee7a b\u1ea1n trong vi\u1ec7c \u0111\u1ecbnh c\u01b0 t\u1ea1i Hoa K\u1ef3.<\/p>\n<\/div><div class=\"fusion-sep-clear\"><\/div><div class=\"fusion-separator fusion-full-width-sep\" style=\"margin-left: auto;margin-right: auto;margin-top:20px;margin-bottom:20px;width:100%;\"><\/div><div class=\"fusion-sep-clear\"><\/div><div class=\"fusion-image-element fusion-image-align-center in-legacy-container\" style=\"text-align:center;--awb-caption-title-font-family:var(--h2_typography-font-family);--awb-caption-title-font-weight:var(--h2_typography-font-weight);--awb-caption-title-font-style:var(--h2_typography-font-style);--awb-caption-title-size:var(--h2_typography-font-size);--awb-caption-title-transform:var(--h2_typography-text-transform);--awb-caption-title-line-height:var(--h2_typography-line-height);--awb-caption-title-letter-spacing:var(--h2_typography-letter-spacing);\"><div class=\"imageframe-align-center\"><span class=\" fusion-imageframe imageframe-none imageframe-2 hover-type-none fusion-animated\" data-animationType=\"slideInLeft\" data-animationDuration=\"0.7\" data-animationOffset=\"top-into-view\"><img decoding=\"async\" width=\"1000\" height=\"160\" title=\"How-We-Work_vn1\" src=\"http:\/\/bandkprofessionalgroup.com\/vn\/wp-content\/uploads\/2018\/07\/How-We-Work_vn1.png\" alt class=\"img-responsive wp-image-1526\" srcset=\"https:\/\/bandkprofessionalgroup.com\/vn\/wp-content\/uploads\/2018\/07\/How-We-Work_vn1-200x32.png 200w, https:\/\/bandkprofessionalgroup.com\/vn\/wp-content\/uploads\/2018\/07\/How-We-Work_vn1-400x64.png 400w, https:\/\/bandkprofessionalgroup.com\/vn\/wp-content\/uploads\/2018\/07\/How-We-Work_vn1-600x96.png 600w, https:\/\/bandkprofessionalgroup.com\/vn\/wp-content\/uploads\/2018\/07\/How-We-Work_vn1-800x128.png 800w, https:\/\/bandkprofessionalgroup.com\/vn\/wp-content\/uploads\/2018\/07\/How-We-Work_vn1.png 1000w\" sizes=\"(max-width: 1000px) 100vw, 1000px\" \/><\/span><\/div><\/div><div class=\"fusion-clearfix\"><\/div><\/div><\/div><\/div><\/div><div class=\"fusion-bg-parallax\" data-bg-align=\"center top\" data-direction=\"up\" data-mute=\"false\" data-opacity=\"100\" data-velocity=\"-0.3\" data-mobile-enabled=\"false\" data-break_parents=\"0\" data-bg-image=\"http:\/\/bandkprofessionalgroup.com\/vn\/wp-content\/uploads\/2016\/08\/about-us-ready-to-talk.jpg\" data-bg-repeat=\"false\" ><\/div><div class=\"fusion-fullwidth fullwidth-box fusion-builder-row-3 fusion-parallax-up nonhundred-percent-fullwidth non-hundred-percent-height-scrolling\" style=\"--awb-background-position:center top;--awb-border-radius-top-left:0px;--awb-border-radius-top-right:0px;--awb-border-radius-bottom-right:0px;--awb-border-radius-bottom-left:0px;--awb-padding-top:100px;--awb-padding-bottom:90px;--awb-background-image:url(&quot;http:\/\/bandkprofessionalgroup.com\/vn\/wp-content\/uploads\/2016\/08\/about-us-ready-to-talk.jpg&quot;);--awb-background-size:cover;--awb-border-sizes-top:0px;--awb-border-sizes-bottom:0px;--awb-flex-wrap:wrap;\" ><div class=\"fusion-builder-row fusion-row\"><div class=\"fusion-layout-column fusion_builder_column fusion-builder-column-3 fusion_builder_column_1_6 1_6 fusion-one-sixth fusion-column-first fusion-no-small-visibility\" style=\"--awb-bg-size:cover;width:13.3333%; margin-right: 4%;\"><div class=\"fusion-column-wrapper fusion-flex-column-wrapper-legacy\"><div class=\"fusion-clearfix\"><\/div><\/div><\/div><div class=\"fusion-layout-column fusion_builder_column fusion-builder-column-4 fusion_builder_column_2_3 2_3 fusion-two-third\" style=\"--awb-bg-size:cover;--awb-margin-top:3%;--awb-margin-bottom:3%;width:65.3333%; margin-right: 4%;\"><div class=\"fusion-column-wrapper fusion-flex-column-wrapper-legacy\"><div class=\"fusion-text fusion-text-5\"><h2 style=\"text-align: center; color: #ffffff;\">B\u1eaft \u0111\u1ea7u t\u01b0\u01a1ng lai c\u1ee7a b\u1ea1n ngay h\u00f4m nay!<\/h2>\n<\/div><div class=\"fusion-sep-clear\"><\/div><div class=\"fusion-separator\" style=\"margin-left: auto;margin-right: auto;margin-top:0px;margin-bottom:60px;width:100%;max-width:100px;\"><div class=\"fusion-separator-border sep-single sep-solid\" style=\"--awb-height:20px;--awb-amount:20px;--awb-sep-color:#ffffff;border-color:#ffffff;border-top-width:2px;\"><\/div><\/div><div class=\"fusion-sep-clear\"><\/div>\n<div class=\"wpcf7 no-js\" id=\"wpcf7-f83-o1\" lang=\"en-US\" dir=\"ltr\">\n<div class=\"screen-reader-response\"><p role=\"status\" aria-live=\"polite\" aria-atomic=\"true\"><\/p> <ul><\/ul><\/div>\n<form action=\"\/vn\/wp-json\/wp\/v2\/pages\/1235#wpcf7-f83-o1\" method=\"post\" class=\"wpcf7-form init\" aria-label=\"Contact form\" novalidate=\"novalidate\" data-status=\"init\">\n<div style=\"display: none;\">\n<input type=\"hidden\" name=\"_wpcf7\" value=\"83\" \/>\n<input type=\"hidden\" name=\"_wpcf7_version\" value=\"5.9.3\" \/>\n<input type=\"hidden\" name=\"_wpcf7_locale\" value=\"en_US\" \/>\n<input type=\"hidden\" name=\"_wpcf7_unit_tag\" value=\"wpcf7-f83-o1\" \/>\n<input type=\"hidden\" name=\"_wpcf7_container_post\" value=\"0\" \/>\n<input type=\"hidden\" name=\"_wpcf7_posted_data_hash\" value=\"\" \/>\n<\/div>\n<p><span class=\"wpcf7-form-control-wrap\" data-name=\"your-name\"><input size=\"40\" class=\"wpcf7-form-control wpcf7-text wpcf7-validates-as-required\" aria-required=\"true\" aria-invalid=\"false\" placeholder=\"T\u00ean c\u1ee7a b\u1ea1n (*)\" value=\"\" type=\"text\" name=\"your-name\" \/><\/span>\n<\/p>\n<p><span class=\"wpcf7-form-control-wrap\" data-name=\"email\"><input size=\"40\" class=\"wpcf7-form-control wpcf7-email wpcf7-validates-as-required wpcf7-text wpcf7-validates-as-email\" aria-required=\"true\" aria-invalid=\"false\" placeholder=\"\u0110\u1ecba ch\u1ec9 email (*)\" value=\"\" type=\"email\" name=\"email\" \/><\/span>\n<\/p>\n<p><span class=\"wpcf7-form-control-wrap\" data-name=\"subject\"><input size=\"40\" class=\"wpcf7-form-control wpcf7-text wpcf7-validates-as-required\" aria-required=\"true\" aria-invalid=\"false\" placeholder=\"L\u00e0m th\u1ebf n\u00e0o ch\u00fang t\u00f4i c\u00f3 th\u1ec3 gi\u00fap \u0111\u1ee1 b\u1ea1n? (*)\" value=\"\" type=\"text\" name=\"subject\" \/><\/span>\n<\/p>\n<p><span class=\"wpcf7-form-control-wrap\" data-name=\"message\"><textarea cols=\"40\" rows=\"10\" class=\"wpcf7-form-control wpcf7-textarea wpcf7-validates-as-required\" aria-required=\"true\" aria-invalid=\"false\" placeholder=\"H\u00e3y cho ch\u00fang t\u00f4i bi\u1ebft th\u00eam v\u1ec1 b\u1ea1n (*)\" name=\"message\"><\/textarea><\/span>\n<\/p>\n<p><input class=\"wpcf7-form-control wpcf7-submit has-spinner\" type=\"submit\" value=\"G\u1eedi \u0111\u1ebfn ch\u00fang t\u00f4i\" \/>\n<\/p><div class=\"fusion-alert alert custom alert-custom fusion-alert-center wpcf7-response-output fusion-alert-capitalize awb-alert-native-link-color alert-dismissable awb-alert-close-boxed\" style=\"--awb-border-top-left-radius:0px;--awb-border-top-right-radius:0px;--awb-border-bottom-left-radius:0px;--awb-border-bottom-right-radius:0px;\" role=\"alert\"><div class=\"fusion-alert-content-wrapper\"><span class=\"fusion-alert-content\"><\/span><\/div><button type=\"button\" class=\"close toggle-alert\" data-dismiss=\"alert\" aria-label=\"Close\">&times;<\/button><\/div>\n<\/form>\n<\/div>\n<div class=\"fusion-clearfix\"><\/div><\/div><\/div><div class=\"fusion-layout-column fusion_builder_column fusion-builder-column-5 fusion_builder_column_1_6 1_6 fusion-one-sixth fusion-column-last fusion-no-small-visibility\" style=\"--awb-bg-size:cover;width:13.3333%;\"><div class=\"fusion-column-wrapper fusion-flex-column-wrapper-legacy\"><div class=\"fusion-clearfix\"><\/div><\/div><\/div><\/div><\/div>\n<\/p>\n","protected":false},"excerpt":{"rendered":"","protected":false},"author":1,"featured_media":0,"parent":0,"menu_order":0,"comment_status":"closed","ping_status":"closed","template":"100-width.php","meta":{"footnotes":""},"class_list":["post-1235","page","type-page","status-publish","hentry"],"_links":{"self":[{"href":"https:\/\/bandkprofessionalgroup.com\/vn\/wp-json\/wp\/v2\/pages\/1235","targetHints":{"allow":["GET"]}}],"collection":[{"href":"https:\/\/bandkprofessionalgroup.com\/vn\/wp-json\/wp\/v2\/pages"}],"about":[{"href":"https:\/\/bandkprofessionalgroup.com\/vn\/wp-json\/wp\/v2\/types\/page"}],"author":[{"embeddable":true,"href":"https:\/\/bandkprofessionalgroup.com\/vn\/wp-json\/wp\/v2\/users\/1"}],"replies":[{"embeddable":true,"href":"https:\/\/bandkprofessionalgroup.com\/vn\/wp-json\/wp\/v2\/comments?post=1235"}],"version-history":[{"count":36,"href":"https:\/\/bandkprofessionalgroup.com\/vn\/wp-json\/wp\/v2\/pages\/1235\/revisions"}],"predecessor-version":[{"id":1613,"href":"https:\/\/bandkprofessionalgroup.com\/vn\/wp-json\/wp\/v2\/pages\/1235\/revisions\/1613"}],"wp:attachment":[{"href":"https:\/\/bandkprofessionalgroup.com\/vn\/wp-json\/wp\/v2\/media?parent=1235"}],"curies":[{"name":"wp","href":"https:\/\/api.w.org\/{rel}","templated":true}]}}